{"id":29,"date":"2017-06-25T16:30:43","date_gmt":"2017-06-25T16:30:43","guid":{"rendered":"http:\/\/stutzmann.org\/?page_id=29"},"modified":"2026-02-07T12:35:25","modified_gmt":"2026-02-07T12:35:25","slug":"leistungen","status":"publish","type":"page","link":"https:\/\/www.stutzmann.org\/?page_id=29","title":{"rendered":"F\u00fcr Dich"},"content":{"rendered":"<p>Du hast ein gutes Gesch\u00e4ft (egal ob Produkt oder Dienstleistung, egal ob station\u00e4r oder online), aber es kommen zu wenig Kunden?<br \/>\nOder, es kommen Kunden, aber sie kaufen nicht?<br \/>\nDu hast Probleme mit Deinem Team?<br \/>\nDie Arbeitsabl\u00e4ufe erscheinen umst\u00e4ndlich und wenig effektiv?<br \/>\nDeine Buchungen sind schleppend, und das verdirbt Dir die Laune?<br \/>\nIm B\u00fcro herrscht Chaos und Du hast keine Idee, wie da Ordnung rein kommen soll, und am besten auch bleibt?<br \/>\nGef\u00fchlt machst Du einen guten Umsatz, aber am Ende des Monats bleibt immer weniger \u00fcbrig?<br \/>\nDu magst Computer nicht, erst recht das Internet?<\/p>\n<p>So, oder so \u00e4hnlich lauten die ganz praktischen Fragen. Theoretisch verbergen sich dahinter Themen, wie z.B.:<\/p>\n<ul>\n<li>Positionierung &amp; Strategie (Marketing, Kommunikation, Werbung, PR)<\/li>\n<li>Ma\u00dfnahmen (Ideen und Umsetzung)<\/li>\n<li>Bestandsanalyse und Zieldefinition<\/li>\n<li>Prozessoptimierung<\/li>\n<li>Betriebswirtschaftliche Analyse und Interpretation (verst\u00e4ndlich, versprochen!)<\/li>\n<li>Homepage und Google f\u00fcr Unternehmen &#8211; anders gesagt SEM (Search Engine Marketing = SEO, SEA und GEO), ja, heute braucht das wirklich JEDES Gesch\u00e4ft. Da gibt es nix sch\u00f6n zu reden.<\/li>\n<\/ul>\n<p>Ich freue mich auf Deine Nachricht!<\/p>\n<p>Herzlich<br \/>\nCaro<\/p>\n","protected":false},"excerpt":{"rendered":"<p>Du hast ein gutes Gesch\u00e4ft (egal ob Produkt oder Dienstleistung, egal ob station\u00e4r oder online), aber es kommen zu wenig Kunden? Oder, es kommen Kunden, aber sie kaufen nicht? Du hast Probleme mit Deinem Team? Die Arbeitsabl\u00e4ufe erscheinen umst\u00e4ndlich und wenig effektiv? Deine Buchungen sind schleppend, und das verdirbt Dir die Laune? Im B\u00fcro herrscht [&hellip;]<\/p>\n","protected":false},"author":1,"featured_media":0,"parent":0,"menu_order":3,"comment_status":"closed","ping_status":"closed","template":"","meta":{"footnotes":""},"class_list":["post-29","page","type-page","status-publish","hentry"],"jetpack_sharing_enabled":true,"jetpack_shortlink":"https:\/\/wp.me\/P8SO4R-t","jetpack-related-posts":[],"_links":{"self":[{"href":"https:\/\/www.stutzmann.org\/index.php?rest_route=\/wp\/v2\/pages\/29","targetHints":{"allow":["GET"]}}],"collection":[{"href":"https:\/\/www.stutzmann.org\/index.php?rest_route=\/wp\/v2\/pages"}],"about":[{"href":"https:\/\/www.stutzmann.org\/index.php?rest_route=\/wp\/v2\/types\/page"}],"author":[{"embeddable":true,"href":"https:\/\/www.stutzmann.org\/index.php?rest_route=\/wp\/v2\/users\/1"}],"replies":[{"embeddable":true,"href":"https:\/\/www.stutzmann.org\/index.php?rest_route=%2Fwp%2Fv2%2Fcomments&post=29"}],"version-history":[{"count":11,"href":"https:\/\/www.stutzmann.org\/index.php?rest_route=\/wp\/v2\/pages\/29\/revisions"}],"predecessor-version":[{"id":1207,"href":"https:\/\/www.stutzmann.org\/index.php?rest_route=\/wp\/v2\/pages\/29\/revisions\/1207"}],"wp:attachment":[{"href":"https:\/\/www.stutzmann.org\/index.php?rest_route=%2Fwp%2Fv2%2Fmedia&parent=29"}],"curies":[{"name":"wp","href":"https:\/\/api.w.org\/{rel}","templated":true}]}}