{"id":25,"date":"2017-06-25T16:27:43","date_gmt":"2017-06-25T16:27:43","guid":{"rendered":"http:\/\/stutzmann.org\/?page_id=25"},"modified":"2026-02-07T12:36:27","modified_gmt":"2026-02-07T12:36:27","slug":"ehrenaemter","status":"publish","type":"page","link":"https:\/\/www.stutzmann.org\/?page_id=25","title":{"rendered":"Ehren\u00e4mter"},"content":{"rendered":"<p>Gr\u00fcndungs- und Vorstandsmitglied der deutschen Gesellschaft f\u00fcr Piercing e.V., (Berufsverband der Piercer), seit 2005 -&gt; <a href=\"http:\/\/dg-piercing.de\/\">http:\/\/www.dg-piercing.de\/<br \/>\n<\/a><\/p>\n<p>Gr\u00fcndungs- und Vorstandsmitglied des Vereins ProTattoo e.V. (\u00d6ffentlichkeitsarbeit, Fortbildung, Forschung rund um Themen zu Tatttoos\/T\u00e4towierern), seit 2011 -&gt; <a href=\"http:\/\/www.protattoo.org\/\">http:\/\/www.protattoo.org\/<br \/>\n<\/a><\/p>\n<p>Gr\u00fcndungs- und Ehrenmitglied beim BVT, (Berufsverband der T\u00e4towierer), seit 2013 -&gt; <a href=\"http:\/\/www.bundesverband-tattoo.de\/\">http:\/\/www.bundesverband-tattoo.de\/<br \/>\n<\/a><\/p>\n<p>Gr\u00fcndungs-Mitglied bei der European Society for Tattoo and Pigment Research (ESTP), (Vereint Wissenschaftler aus allen Bereichen weltweit und vernetzt mit Experten aus der Tattoobranche), 2013 -&gt; <a href=\"http:\/\/www.estpresearch.org\/\">http:\/\/www.estpresearch.org\/<\/a><\/p>\n","protected":false},"excerpt":{"rendered":"<p>Gr\u00fcndungs- und Vorstandsmitglied der deutschen Gesellschaft f\u00fcr Piercing e.V., (Berufsverband der Piercer), seit 2005 -&gt; http:\/\/www.dg-piercing.de\/ Gr\u00fcndungs- und Vorstandsmitglied des Vereins ProTattoo e.V. (\u00d6ffentlichkeitsarbeit, Fortbildung, Forschung rund um Themen zu Tatttoos\/T\u00e4towierern), seit 2011 -&gt; http:\/\/www.protattoo.org\/ Gr\u00fcndungs- und Ehrenmitglied beim BVT, (Berufsverband der T\u00e4towierer), seit 2013 -&gt; http:\/\/www.bundesverband-tattoo.de\/ Gr\u00fcndungs-Mitglied bei der European Society for Tattoo and [&hellip;]<\/p>\n","protected":false},"author":1,"featured_media":0,"parent":2,"menu_order":5,"comment_status":"closed","ping_status":"closed","template":"","meta":{"footnotes":""},"class_list":["post-25","page","type-page","status-publish","hentry"],"jetpack_sharing_enabled":true,"jetpack_shortlink":"https:\/\/wp.me\/P8SO4R-p","jetpack-related-posts":[],"_links":{"self":[{"href":"https:\/\/www.stutzmann.org\/index.php?rest_route=\/wp\/v2\/pages\/25","targetHints":{"allow":["GET"]}}],"collection":[{"href":"https:\/\/www.stutzmann.org\/index.php?rest_route=\/wp\/v2\/pages"}],"about":[{"href":"https:\/\/www.stutzmann.org\/index.php?rest_route=\/wp\/v2\/types\/page"}],"author":[{"embeddable":true,"href":"https:\/\/www.stutzmann.org\/index.php?rest_route=\/wp\/v2\/users\/1"}],"replies":[{"embeddable":true,"href":"https:\/\/www.stutzmann.org\/index.php?rest_route=%2Fwp%2Fv2%2Fcomments&post=25"}],"version-history":[{"count":10,"href":"https:\/\/www.stutzmann.org\/index.php?rest_route=\/wp\/v2\/pages\/25\/revisions"}],"predecessor-version":[{"id":1208,"href":"https:\/\/www.stutzmann.org\/index.php?rest_route=\/wp\/v2\/pages\/25\/revisions\/1208"}],"up":[{"embeddable":true,"href":"https:\/\/www.stutzmann.org\/index.php?rest_route=\/wp\/v2\/pages\/2"}],"wp:attachment":[{"href":"https:\/\/www.stutzmann.org\/index.php?rest_route=%2Fwp%2Fv2%2Fmedia&parent=25"}],"curies":[{"name":"wp","href":"https:\/\/api.w.org\/{rel}","templated":true}]}}