{"id":19,"date":"2017-06-25T16:25:58","date_gmt":"2017-06-25T16:25:58","guid":{"rendered":"http:\/\/stutzmann.org\/?page_id=19"},"modified":"2018-07-19T14:43:40","modified_gmt":"2018-07-19T14:43:40","slug":"in-kurz","status":"publish","type":"page","link":"https:\/\/www.stutzmann.org\/?page_id=19","title":{"rendered":"Ausbildung"},"content":{"rendered":"<p><strong>AUS- UND WEITERBILDUNG<\/strong><\/p>\n<p>1999 &#8211; 2001<\/p>\n<p><strong>Nebenberufliches Studium zur Marketingbetriebswirtin (VWA\/DMV) in Bochum<\/strong><\/p>\n<p>1997 &#8211; 1999<\/p>\n<p><strong>Nebenberufliche Weiterbildung zur Fachkauffrau f\u00fcr Marketing (IHK) in Essen<\/strong><\/p>\n<p>1994 &#8211; 1996<\/p>\n<p><strong>Ausbildung zur Werbekauffrau bei der Firma S\/Z\/&amp;\/P in M\u00fclheim an der Ruhr <\/strong>(Kammerbeste, 2. Platz in NRW)<strong><br \/>\n<\/strong><\/p>\n<p>1993<br \/>\n<strong><br \/>\n<\/strong>Abschluss <strong>Allgemeine Hochschulreife, <\/strong><strong>h\u00f6here Berufsfachschule f\u00fcr Verwaltung und Wirtschaft in M\u00fclheim a.d. Ruhr, <\/strong>Leistungskurse: BWL und Mathematik<\/p>\n","protected":false},"excerpt":{"rendered":"<p>AUS- UND WEITERBILDUNG 1999 &#8211; 2001 Nebenberufliches Studium zur Marketingbetriebswirtin (VWA\/DMV) in Bochum 1997 &#8211; 1999 Nebenberufliche Weiterbildung zur Fachkauffrau f\u00fcr Marketing (IHK) in Essen 1994 &#8211; 1996 Ausbildung zur Werbekauffrau bei der Firma S\/Z\/&amp;\/P in M\u00fclheim an der Ruhr (Kammerbeste, 2. Platz in NRW) 1993 Abschluss Allgemeine Hochschulreife, h\u00f6here Berufsfachschule f\u00fcr Verwaltung und Wirtschaft [&hellip;]<\/p>\n","protected":false},"author":1,"featured_media":0,"parent":2,"menu_order":0,"comment_status":"closed","ping_status":"closed","template":"","meta":{"footnotes":""},"class_list":["post-19","page","type-page","status-publish","hentry"],"jetpack_sharing_enabled":true,"jetpack_shortlink":"https:\/\/wp.me\/P8SO4R-j","jetpack-related-posts":[],"_links":{"self":[{"href":"https:\/\/www.stutzmann.org\/index.php?rest_route=\/wp\/v2\/pages\/19","targetHints":{"allow":["GET"]}}],"collection":[{"href":"https:\/\/www.stutzmann.org\/index.php?rest_route=\/wp\/v2\/pages"}],"about":[{"href":"https:\/\/www.stutzmann.org\/index.php?rest_route=\/wp\/v2\/types\/page"}],"author":[{"embeddable":true,"href":"https:\/\/www.stutzmann.org\/index.php?rest_route=\/wp\/v2\/users\/1"}],"replies":[{"embeddable":true,"href":"https:\/\/www.stutzmann.org\/index.php?rest_route=%2Fwp%2Fv2%2Fcomments&post=19"}],"version-history":[{"count":6,"href":"https:\/\/www.stutzmann.org\/index.php?rest_route=\/wp\/v2\/pages\/19\/revisions"}],"predecessor-version":[{"id":285,"href":"https:\/\/www.stutzmann.org\/index.php?rest_route=\/wp\/v2\/pages\/19\/revisions\/285"}],"up":[{"embeddable":true,"href":"https:\/\/www.stutzmann.org\/index.php?rest_route=\/wp\/v2\/pages\/2"}],"wp:attachment":[{"href":"https:\/\/www.stutzmann.org\/index.php?rest_route=%2Fwp%2Fv2%2Fmedia&parent=19"}],"curies":[{"name":"wp","href":"https:\/\/api.w.org\/{rel}","templated":true}]}}